{"id":7059,"date":"2026-04-08T15:20:19","date_gmt":"2026-04-08T13:20:19","guid":{"rendered":"https:\/\/www.tecsystem.fr\/politica-de-cookies\/"},"modified":"2026-04-08T15:20:22","modified_gmt":"2026-04-08T13:20:22","slug":"politica-de-cookies","status":"publish","type":"page","link":"https:\/\/www.tecsystem.fr\/es\/politica-de-cookies\/","title":{"rendered":"Pol\u00edtica de cookies"},"content":{"rendered":"<div class=\"fusion-fullwidth fullwidth-box fusion-builder-row-1 has-pattern-background has-mask-background nonhundred-percent-fullwidth non-hundred-percent-height-scrolling\" style=\"--awb-border-radius-top-left:0px;--awb-border-radius-top-right:0px;--awb-border-radius-bottom-right:0px;--awb-border-radius-bottom-left:0px;--awb-margin-top:3%;--awb-margin-bottom:3%;--awb-flex-wrap:wrap;\" ><div class=\"fusion-builder-row fusion-row\"><div class=\"fusion-layout-column fusion_builder_column fusion-builder-column-0 fusion_builder_column_1_1 1_1 fusion-one-full fusion-column-first fusion-column-last\" style=\"--awb-bg-size:cover;--awb-margin-top:0px;--awb-margin-bottom:0px;\"><div class=\"fusion-column-wrapper fusion-flex-column-wrapper-legacy\"><div class=\"fusion-text fusion-text-1\" style=\"--awb-text-transform:none;\"><h2><span style=\"color: #e20000;\"><strong>POL\u00cdTICA DE COOKIES<\/strong><\/span><\/h2>\n<p>Soletanche Bachy, como responsable del tratamiento de los datos personales relativos a la gesti\u00f3n del sitio web, es susceptible de instalar cookies en tu equipo cuando visites el sitio web y de utilizar cookies en los correos electr\u00f3nicos que te env\u00eden.<\/p>\n<p>La presente Pol\u00edtica de Cookies tiene por objeto informarte sobre las distintas cookies utilizadas, sus finalidades y tus derechos, en particular en lo relativo a la parametrizaci\u00f3n.<\/p>\n<h3>1) \u00bfQU\u00c9 ES UNA GALLETA?<\/h3>\n<p>Las cookies son peque\u00f1os archivos de texto, imagen o software que se pueden leer y\/o depositar en tu dispositivo (ordenador, tableta, smartphone o cualquier otro dispositivo utilizado para acceder a Internet) cuando accedes a nuestro sitio.<\/p>\n<p>Las cookies se utilizan en el sitio web y se almacenan temporalmente en el terminal inform\u00e1tico del usuario, como un ordenador, una tableta y\/o un smartphone, para facilitar la navegaci\u00f3n y optimizar la calidad del sitio web. Estas cookies pueden ser rechazadas por el usuario en funci\u00f3n de las elecciones y opciones que \u00e9ste pueda expresar en cualquier momento. <\/p>\n<p>Las cookies utilizadas en este sitio web pueden ser instaladas por nuestro sitio web o por un sitio web de terceros. Estas cookies pueden ser cookies de sesi\u00f3n o cookies persistentes: una cookie de sesi\u00f3n es una cookie que se elimina autom\u00e1ticamente cuando el usuario cierra el navegador, mientras que una cookie persistente permanece almacenada en el ordenador del usuario hasta su fecha de caducidad. <\/p>\n<p>Las cookies utilizadas en el sitio web tienen una vida \u00fatil m\u00e1xima de 12 meses.<\/p>\n<p>&nbsp;<\/p>\n<h3>2) \u00bfQU\u00c9 TIPOS DE COOKIES SE UTILIZAN Y CON QU\u00c9 FINALIDAD?<\/h3>\n<p>En este sitio web utilizamos los siguientes tipos de cookies:<\/p>\n<ul>\n<li><span style=\"color: #e20000;\"><strong>Cookies t\u00e9cnicas y de sesi\u00f3n obligatorias :<\/strong><\/span><\/li>\n<\/ul>\n<p>Estas cookies son esenciales para que puedas navegar por nuestro sitio web y aprovechar al m\u00e1ximo sus funciones, como el acceso a determinadas p\u00e1ginas web seguras. Sin estas cookies, algunos de los servicios que solicitas no pueden prestarse. <\/p>\n<p>Las cookies obligatorias utilizadas en el sitio web son las siguientes:<\/p>\n<ul>\n<li style=\"list-style-type: none;\">\n<ul>\n<li>PHPSESSID<\/li>\n<li>lang<\/li>\n<li>JSESSIONID<\/li>\n<li>wp-wpml_idioma_actual<\/li>\n<\/ul>\n<\/li>\n<\/ul>\n<ul>\n<li><span style=\"color: #e20000;\"><strong>Cookies funcionales y de rendimiento :<\/strong><\/span><\/li>\n<\/ul>\n<p>Estas cookies permiten que el sitio web registre tu elecci\u00f3n de ajustes para proporcionarte funcionalidades mejoradas y m\u00e1s personales. Estas cookies tambi\u00e9n pueden utilizarse para recordar los cambios que has realizado en el tama\u00f1o del texto, la fuente y otras partes de las p\u00e1ginas web que has personalizado. Tambi\u00e9n pueden utilizarse para proporcionarte determinados servicios que hayas solicitado, como ver un v\u00eddeo.  <\/p>\n<p>Estas cookies no pueden rastrear tu actividad de navegaci\u00f3n en otros sitios web y no recogen ninguna informaci\u00f3n sobre ti que pueda utilizarse con fines publicitarios.<\/p>\n<ul>\n<li style=\"list-style-type: none;\">\n<ul>\n<li>Fuentes.googleapis.com  <\/li>\n<li>Ggpht.com<\/li>\n<li>Linkedin<\/li>\n<li>A\u00f1adir a cualquier<\/li>\n<li>Instagram<\/li>\n<li>Ytimg.com<\/li>\n<li>Lidc<\/li>\n<li>Lissc<\/li>\n<\/ul>\n<\/li>\n<\/ul>\n<p>En el sitio web se utilizan las siguientes cookies de rendimiento:<\/p>\n<ul>\n<li style=\"list-style-type: none;\">\n<ul>\n<li>Cdninstagram<\/li>\n<li>Licdn.com<\/li>\n<\/ul>\n<\/li>\n<\/ul>\n<ul>\n<li><span style=\"color: #e20000;\"><strong>Cookies de medici\u00f3n de audiencia :<\/strong><\/span><\/li>\n<\/ul>\n<p>Estas cookies se utilizan para recopilar informaci\u00f3n sobre c\u00f3mo los visitantes utilizan nuestro sitio web, como las p\u00e1ginas m\u00e1s visitadas o la aparici\u00f3n de mensajes de error en determinadas p\u00e1ginas. Toda la informaci\u00f3n recogida a trav\u00e9s de estas cookies es an\u00f3nima, y se recoge con el \u00fanico prop\u00f3sito de desarrollar y rastrear patrones de tr\u00e1fico en nuestro sitio web con el fin de mejorar su funcionamiento. <\/p>\n<p>Esta informaci\u00f3n es utilizada exclusivamente por Soletanche Bachy y no se comparte con terceros.<\/p>\n<p>Las siguientes cookies se utilizan para medir la audiencia con fines anal\u00edticos en el sitio web:<\/p>\n<ul>\n<li style=\"list-style-type: none;\">\n<ul>\n<li>_ga<\/li>\n<li>_gat<\/li>\n<li>_gid<\/li>\n<\/ul>\n<\/li>\n<\/ul>\n<ul>\n<li><span style=\"color: #e20000;\"><strong>Cookies de publicidad dirigida :<\/strong><\/span><\/li>\n<\/ul>\n<p>Las cookies de segmentaci\u00f3n se utilizan para medir la eficacia de una campa\u00f1a publicitaria al permitir la entrega de anuncios segmentados que escuchan a los usuarios y cuya recurrencia es limitada.<\/p>\n<ul>\n<li style=\"list-style-type: none;\">\n<ul>\n<li>gads<\/li>\n<li>DSID<\/li>\n<li>IDE<\/li>\n<li>galletas_de_prueba<\/li>\n<li>APISID<\/li>\n<li>CONSENTIMIENTO<\/li>\n<li>GPS<\/li>\n<li>HSID<\/li>\n<li>LOGIN_INFO<\/li>\n<li>PREF<\/li>\n<li>SAPISID<\/li>\n<li>SID<\/li>\n<li>SSID<\/li>\n<li>VISITANTE_INFO1_VIVO<\/li>\n<li>YSC<\/li>\n<\/ul>\n<\/li>\n<\/ul>\n<h3>3) COOKIES Y DATOS PERSONALES<\/h3>\n<p>Las cookies colocadas o utilizadas pueden dar lugar a la recogida de datos personales, en particular datos de identificaci\u00f3n (direcci\u00f3n IP), datos de conexi\u00f3n, datos de aceptaci\u00f3n, datos de identidad y datos de contacto, cuya protecci\u00f3n, integridad y confidencialidad est\u00e1n cubiertas por nuestra \u00abPol\u00edtica de Protecci\u00f3n de Datos Personales\u00bb.<\/p>\n<p>Los sitios de redes sociales de terceros pueden recopilar cierta informaci\u00f3n (como la direcci\u00f3n IP, el tipo de navegador, el idioma utilizado o la hora de acceso) si te conectas a estos sitios mientras navegas por nuestro sitio web. Estos sitios web tambi\u00e9n pueden vincular esta informaci\u00f3n recopilada con la informaci\u00f3n de tu perfil disponible en su propio sitio web. No controlamos estas tecnolog\u00edas de seguimiento de terceros, por lo que te recomendamos que leas las condiciones de uso y la Pol\u00edtica de Privacidad de estos sitios de terceros antes de utilizarlos.    <\/p>\n<p>Otras cookies pueden recoger Datos Personales (incluida la informaci\u00f3n de las cookies colocadas por nuestros enlaces publicitarios en sitios de terceros):  <\/p>\n<ul>\n<li>Si un usuario es un usuario registrado ;  <\/li>\n<li>Si te enviamos un correo electr\u00f3nico dirigido que contenga balizas web, cookies o tecnolog\u00edas similares, sabremos si abres, lees o eliminas este mensaje.<\/li>\n<\/ul>\n<h3>4) OTRO SEGUIMIENTO<\/h3>\n<p>Soletanche Bachy tambi\u00e9n utiliza tecnolog\u00edas sustancialmente similares a las cookies, como etiquetas de Internet o cualquier otra tecnolog\u00eda que pueda aparecer en correos electr\u00f3nicos publicitarios o boletines informativos, con el fin de determinar si estos mensajes han sido consultados o si has hecho clic en los enlaces que contienen. Las etiquetas de Internet no depositan ning\u00fan dato en tu ordenador, pero pueden utilizarse junto con las cookies para analizar la actividad de navegaci\u00f3n por el sitio.   <\/p>\n<p>&nbsp;<\/p>\n<h3>5) \u00bfC\u00d3MO ACEPTO O RECHAZO LAS COOKIES?<\/h3>\n<p>Soletanche Bachy te permite gestionar y configurar tus cookies y aceptar o rechazar todas o algunas de las cookies instaladas.  <\/p>\n<p>Sin embargo, te recordamos que la desactivaci\u00f3n de las cookies puede provocar la alteraci\u00f3n o p\u00e9rdida de determinados ajustes o informaci\u00f3n. La eliminaci\u00f3n de las cookies puede alterar o incluso dificultar la navegaci\u00f3n por el sitio web.   <\/p>\n<p>Con el fin de permitirte un acceso continuo a la configuraci\u00f3n de tus cookies y un control total sobre los datos recopilados, Soletanche Bachy te proporciona una herramienta para gestionar tus consentimientos haciendo clic a continuaci\u00f3n:<\/p>\n<p><a href=\"https:\/\/www.soletanchefreyssinet.com\/politique-cookies\/\"><strong>Haz clic aqu\u00ed para cambiar los niveles de cookies aceptados<\/strong><\/a><\/p>\n<p>Si no deseas recibir cookies de nuestro sitio web, tambi\u00e9n puedes configurar tu navegador. Para ello, sigue las instrucciones que se indican a continuaci\u00f3n para tu navegador:   <\/p>\n<ul>\n<li>Si utilizas<a href=\"https:\/\/support.microsoft.com\/fr-fr\/help\/17442\/windows-internet-explorer-delete-manage-cookies\">Internet Explorer<\/a><\/li>\n<\/ul>\n<ol>\n<li>Selecciona el men\u00fa \u00abHerramientas\u00bb y luego \u00abOpciones de Internet\u00bb.  <\/li>\n<li>Haz clic en la pesta\u00f1a \u00abConfidencialidad\u00bb.<br \/>Utiliza el cursor para seleccionar el nivel deseado.  <\/li>\n<\/ol>\n<ul>\n<li>Si utilizas<a href=\"https:\/\/support.mozilla.org\/fr\/kb\/effacer-les-cookies-pour-supprimer-les-information#:~:text=S%C3%A9lectionnez%20le%20panneau%20Vie%20priv%C3%A9e,des%20donn%C3%A9es%20de%20sites%20appara%C3%AEt.\">Firefox<\/a><\/li>\n<\/ul>\n<ol>\n<li>Selecciona el men\u00fa \u00abHerramientas\u00bb &gt; \u00abOpciones\u00bb.  <\/li>\n<li>Haz clic en la opci\u00f3n \u00abPrivacidad\u00bb.  <\/li>\n<\/ol>\n<ul>\n<li>Si utilizas el navegador<a href=\"https:\/\/support.apple.com\/kb\/ph5042?locale=en_US\">Safari<\/a><\/li>\n<\/ul>\n<ol>\n<li>Selecciona el men\u00fa \u00abEditar\u00bb.  <\/li>\n<li>Haz clic en la opci\u00f3n \u00abPreferencias\u00bb.  <\/li>\n<li>Haz clic en la opci\u00f3n \u00abSeguridad\u00bb.  <\/li>\n<li>Haz clic en \u00abMostrar cookies\u00bb.  <\/li>\n<\/ol>\n<ul>\n<li>Si utilizas<a href=\"https:\/\/support.google.com\/chrome\/answer\/95647?hl=fr\">Google Chrome<\/a><\/li>\n<\/ul>\n<ol>\n<li>En tu ordenador, abre Chrome.  <\/li>\n<li>En la esquina superior derecha, haz clic en \u00abM\u00e1s ajustes\u00bb.  <\/li>\n<li>En \u00abConfidencialidad y seguridad\u00bb, haz clic en \u00abCookies y otros datos del sitio\u00bb.  <\/li>\n<li>Haz clic en \u00abMostrar todas las cookies y datos del sitio\u00bb para eliminarlo todo.  <\/li>\n<li>Confirma la eliminaci\u00f3n pulsando \u00abEliminar todo\u00bb.  <\/li>\n<\/ol>\n<p>&nbsp;<\/p>\n<h3>6) EVOLUCI\u00d3N<\/h3>\n<p>Esta Pol\u00edtica se actualiz\u00f3 en : Octubre de 2023.  <\/p>\n<p>Puede modificarse en cualquier momento en caso de cambios en la legislaci\u00f3n, la jurisprudencia o las recomendaciones de la CNIL.  <\/p>\n<\/div><div class=\"fusion-clearfix\"><\/div><\/div><\/div><\/div><\/div>\n","protected":false},"excerpt":{"rendered":"","protected":false},"author":1,"featured_media":0,"parent":0,"menu_order":0,"comment_status":"closed","ping_status":"closed","template":"","meta":{"_acf_changed":false,"footnotes":""},"class_list":["post-7059","page","type-page","status-publish","hentry"],"aioseo_notices":[],"acf":[],"_links":{"self":[{"href":"https:\/\/www.tecsystem.fr\/es\/wp-json\/wp\/v2\/pages\/7059","targetHints":{"allow":["GET"]}}],"collection":[{"href":"https:\/\/www.tecsystem.fr\/es\/wp-json\/wp\/v2\/pages"}],"about":[{"href":"https:\/\/www.tecsystem.fr\/es\/wp-json\/wp\/v2\/types\/page"}],"author":[{"embeddable":true,"href":"https:\/\/www.tecsystem.fr\/es\/wp-json\/wp\/v2\/users\/1"}],"replies":[{"embeddable":true,"href":"https:\/\/www.tecsystem.fr\/es\/wp-json\/wp\/v2\/comments?post=7059"}],"version-history":[{"count":2,"href":"https:\/\/www.tecsystem.fr\/es\/wp-json\/wp\/v2\/pages\/7059\/revisions"}],"predecessor-version":[{"id":7061,"href":"https:\/\/www.tecsystem.fr\/es\/wp-json\/wp\/v2\/pages\/7059\/revisions\/7061"}],"wp:attachment":[{"href":"https:\/\/www.tecsystem.fr\/es\/wp-json\/wp\/v2\/media?parent=7059"}],"curies":[{"name":"wp","href":"https:\/\/api.w.org\/{rel}","templated":true}]}}