{"id":7117,"date":"2026-04-08T15:33:15","date_gmt":"2026-04-08T13:33:15","guid":{"rendered":"https:\/\/www.tecsystem.fr\/accesibilidad\/"},"modified":"2026-04-08T15:33:20","modified_gmt":"2026-04-08T13:33:20","slug":"accesibilidad","status":"publish","type":"page","link":"https:\/\/www.tecsystem.fr\/es\/accesibilidad\/","title":{"rendered":"Accesibilidad"},"content":{"rendered":"<div class=\"fusion-fullwidth fullwidth-box fusion-builder-row-1 has-pattern-background has-mask-background nonhundred-percent-fullwidth non-hundred-percent-height-scrolling\" style=\"--awb-border-radius-top-left:0px;--awb-border-radius-top-right:0px;--awb-border-radius-bottom-right:0px;--awb-border-radius-bottom-left:0px;--awb-margin-top:3%;--awb-margin-bottom:3%;--awb-flex-wrap:wrap;\" ><div class=\"fusion-builder-row fusion-row\"><div class=\"fusion-layout-column fusion_builder_column fusion-builder-column-0 fusion_builder_column_1_1 1_1 fusion-one-full fusion-column-first fusion-column-last\" style=\"--awb-bg-size:cover;--awb-margin-top:0px;--awb-margin-bottom:0px;\"><div class=\"fusion-column-wrapper fusion-flex-column-wrapper-legacy\"><div class=\"fusion-text fusion-text-1\"><p>De acuerdo con el decreto publicado en varios pa\u00edses sobre el acceso de los usuarios discapacitados a los servicios en l\u00ednea disponibles al p\u00fablico, TEC System est\u00e1 haciendo todo lo posible para mejorar el acceso de los usuarios discapacitados a sus sitios web y aplicaciones actuales y futuros.<\/p>\n<p>No obstante, somos conscientes de que el compromiso continuo con el pleno cumplimiento puede verse comprometido ocasionalmente, dependiendo del sistema operativo, navegador y otras tecnolog\u00edas utilizadas, as\u00ed como del tipo de dispositivo (PC, MAC, dispositivos m\u00f3viles, etc.). Por lo tanto, si encuentras alg\u00fan problema para acceder a un recurso alojado en este sitio web, tenemos la posibilidad de proporcionarte ese contenido de otras formas. <\/p>\n<p>Puedes llamarnos al siguiente n\u00famero +33 5 4993 7600 o enviarnos un correo electr\u00f3nico a info@tecsystem.fr para indicarnos qu\u00e9 formato o tipo de interacci\u00f3n -voz, transferencia de archivos, etc.- preferir\u00edas. &#8211; preferir\u00edas. <\/p>\n<\/div><div class=\"fusion-clearfix\"><\/div><\/div><\/div><\/div><\/div>\n","protected":false},"excerpt":{"rendered":"","protected":false},"author":1,"featured_media":0,"parent":0,"menu_order":0,"comment_status":"closed","ping_status":"closed","template":"","meta":{"_acf_changed":false,"footnotes":""},"class_list":["post-7117","page","type-page","status-publish","hentry"],"aioseo_notices":[],"acf":[],"_links":{"self":[{"href":"https:\/\/www.tecsystem.fr\/es\/wp-json\/wp\/v2\/pages\/7117","targetHints":{"allow":["GET"]}}],"collection":[{"href":"https:\/\/www.tecsystem.fr\/es\/wp-json\/wp\/v2\/pages"}],"about":[{"href":"https:\/\/www.tecsystem.fr\/es\/wp-json\/wp\/v2\/types\/page"}],"author":[{"embeddable":true,"href":"https:\/\/www.tecsystem.fr\/es\/wp-json\/wp\/v2\/users\/1"}],"replies":[{"embeddable":true,"href":"https:\/\/www.tecsystem.fr\/es\/wp-json\/wp\/v2\/comments?post=7117"}],"version-history":[{"count":6,"href":"https:\/\/www.tecsystem.fr\/es\/wp-json\/wp\/v2\/pages\/7117\/revisions"}],"predecessor-version":[{"id":7129,"href":"https:\/\/www.tecsystem.fr\/es\/wp-json\/wp\/v2\/pages\/7117\/revisions\/7129"}],"wp:attachment":[{"href":"https:\/\/www.tecsystem.fr\/es\/wp-json\/wp\/v2\/media?parent=7117"}],"curies":[{"name":"wp","href":"https:\/\/api.w.org\/{rel}","templated":true}]}}